{"id":2,"date":"2011-07-07T13:38:51","date_gmt":"2011-07-07T13:38:51","guid":{"rendered":"http:\/\/www.kvab.eu\/?page_id=2"},"modified":"2011-08-15T06:31:35","modified_gmt":"2011-08-15T06:31:35","slug":"exempelsida","status":"publish","type":"page","link":"https:\/\/kvab.eu\/","title":{"rendered":"Start"},"content":{"rendered":"<p>Kalmar Vattensk\u00e4rning AB producerar alla typer av komplicerade detaljer i de flesta typer av material. V\u00e5ra metoder ger fina snittytor med minimala efterbearbetningskrav. Vi har ett optimerat produktionsfl\u00f6de, ny teknik och lagerh\u00e5ller m\u00e5nga standarder som inneb\u00e4r kostnadseffektivitet och korta ledtider. Tillsammans med Kalmar Vattensk\u00e4rning g\u00f6r vi det komplicerade v\u00e4ldigt enkelt!<\/p>\n","protected":false},"excerpt":{"rendered":"<p>Kalmar Vattensk\u00e4rning AB producerar alla typer av komplicerade detaljer i de flesta typer av material. V\u00e5ra metoder ger fina snittytor med minimala efterbearbetningskrav. Vi har ett optimerat produktionsfl\u00f6de, ny teknik och lagerh\u00e5ller m\u00e5nga standarder som inneb\u00e4r kostnadseffektivitet och korta ledtider. &hellip; <a href=\"https:\/\/kvab.eu\/\">L\u00e4s mer <span class=\"meta-nav\">&rarr;<\/span><\/a><\/p>\n","protected":false},"author":1,"featured_media":0,"parent":0,"menu_order":1,"comment_status":"closed","ping_status":"closed","template":"sidebar-page.php","meta":{"ngg_post_thumbnail":0},"_links":{"self":[{"href":"https:\/\/kvab.eu\/index.php?rest_route=\/wp\/v2\/pages\/2"}],"collection":[{"href":"https:\/\/kvab.eu\/index.php?rest_route=\/wp\/v2\/pages"}],"about":[{"href":"https:\/\/kvab.eu\/index.php?rest_route=\/wp\/v2\/types\/page"}],"author":[{"embeddable":true,"href":"https:\/\/kvab.eu\/index.php?rest_route=\/wp\/v2\/users\/1"}],"replies":[{"embeddable":true,"href":"https:\/\/kvab.eu\/index.php?rest_route=%2Fwp%2Fv2%2Fcomments&post=2"}],"version-history":[{"count":8,"href":"https:\/\/kvab.eu\/index.php?rest_route=\/wp\/v2\/pages\/2\/revisions"}],"predecessor-version":[{"id":15,"href":"https:\/\/kvab.eu\/index.php?rest_route=\/wp\/v2\/pages\/2\/revisions\/15"}],"wp:attachment":[{"href":"https:\/\/kvab.eu\/index.php?rest_route=%2Fwp%2Fv2%2Fmedia&parent=2"}],"curies":[{"name":"wp","href":"https:\/\/api.w.org\/{rel}","templated":true}]}}